{"id":4599,"date":"2025-02-11T10:53:34","date_gmt":"2025-02-11T09:53:34","guid":{"rendered":"https:\/\/btperformance.fr\/?page_id=4599"},"modified":"2025-02-13T10:30:30","modified_gmt":"2025-02-13T09:30:30","slug":"partenaires","status":"publish","type":"page","link":"https:\/\/btperformance.fr\/?page_id=4599","title":{"rendered":"PARTENAIRES"},"content":{"rendered":"\t\t<div data-elementor-type=\"wp-page\" data-elementor-id=\"4599\" class=\"elementor elementor-4599\">\n\t\t\t\t\t\t<section class=\"elementor-section elementor-top-section elementor-element elementor-element-5b0bd5a elementor-section-boxed elementor-section-height-default elementor-section-height-default wpr-particle-no wpr-jarallax-no wpr-parallax-no wpr-sticky-section-no wpr-equal-height-no\" data-id=\"5b0bd5a\" data-element_type=\"section\" data-e-type=\"section\">\n\t\t\t\t\t\t<div class=\"elementor-container elementor-column-gap-default\">\n\t\t\t\t\t<div class=\"elementor-column elementor-col-100 elementor-top-column elementor-element elementor-element-74cdc55\" data-id=\"74cdc55\" data-element_type=\"column\" data-e-type=\"column\" data-settings=\"{&quot;background_background&quot;:&quot;classic&quot;}\">\n\t\t\t<div class=\"elementor-widget-wrap elementor-element-populated\">\n\t\t\t\t\t\t<div class=\"elementor-element elementor-element-d419fb8 elementor-widget elementor-widget-heading\" data-id=\"d419fb8\" data-element_type=\"widget\" data-e-type=\"widget\" data-widget_type=\"heading.default\">\n\t\t\t\t<div class=\"elementor-widget-container\">\n\t\t\t\t\t<h2 class=\"elementor-heading-title elementor-size-default\"><span style=\"color: rgb(0, 89, 143);font-size: 35px;text-align: center\">Partenaires<\/span><\/h2>\t\t\t\t<\/div>\n\t\t\t\t<\/div>\n\t\t\t\t<div class=\"elementor-element elementor-element-214a20a elementor-widget elementor-widget-heading\" data-id=\"214a20a\" data-element_type=\"widget\" data-e-type=\"widget\" data-settings=\"{&quot;_animation&quot;:&quot;none&quot;,&quot;_animation_delay&quot;:120}\" data-widget_type=\"heading.default\">\n\t\t\t\t<div class=\"elementor-widget-container\">\n\t\t\t\t\t<p class=\"elementor-heading-title elementor-size-default\"><font face=\"Montserrat\">Ils nous font confiance et nous aident \u00e0 rendre vos projets possible !<\/font><\/p>\t\t\t\t<\/div>\n\t\t\t\t<\/div>\n\t\t\t\t\t<\/div>\n\t\t<\/div>\n\t\t\t\t\t<\/div>\n\t\t<\/section>\n\t\t\t\t<section class=\"elementor-section elementor-top-section elementor-element elementor-element-1b94406 elementor-section-boxed elementor-section-height-default elementor-section-height-default wpr-particle-no wpr-jarallax-no wpr-parallax-no wpr-sticky-section-no wpr-equal-height-no\" data-id=\"1b94406\" data-element_type=\"section\" data-e-type=\"section\">\n\t\t\t\t\t\t<div class=\"elementor-container elementor-column-gap-default\">\n\t\t\t\t\t<div class=\"elementor-column elementor-col-100 elementor-top-column elementor-element elementor-element-018a48e\" data-id=\"018a48e\" data-element_type=\"column\" data-e-type=\"column\" data-settings=\"{&quot;background_background&quot;:&quot;classic&quot;}\">\n\t\t\t<div class=\"elementor-widget-wrap elementor-element-populated\">\n\t\t\t\t\t\t<div class=\"elementor-element elementor-element-25f5ec1 elementor-arrows-position-inside elementor-pagination-position-outside elementor-widget elementor-widget-image-carousel\" data-id=\"25f5ec1\" data-element_type=\"widget\" data-e-type=\"widget\" data-settings=\"{&quot;image_spacing_custom&quot;:{&quot;unit&quot;:&quot;px&quot;,&quot;size&quot;:50,&quot;sizes&quot;:[]},&quot;navigation&quot;:&quot;both&quot;,&quot;autoplay&quot;:&quot;yes&quot;,&quot;pause_on_hover&quot;:&quot;yes&quot;,&quot;pause_on_interaction&quot;:&quot;yes&quot;,&quot;autoplay_speed&quot;:5000,&quot;infinite&quot;:&quot;yes&quot;,&quot;speed&quot;:500,&quot;image_spacing_custom_tablet&quot;:{&quot;unit&quot;:&quot;px&quot;,&quot;size&quot;:&quot;&quot;,&quot;sizes&quot;:[]},&quot;image_spacing_custom_mobile&quot;:{&quot;unit&quot;:&quot;px&quot;,&quot;size&quot;:&quot;&quot;,&quot;sizes&quot;:[]}}\" data-widget_type=\"image-carousel.default\">\n\t\t\t\t<div class=\"elementor-widget-container\">\n\t\t\t\t\t\t\t<div class=\"elementor-image-carousel-wrapper swiper\" role=\"region\" aria-roledescription=\"carousel\" aria-label=\"Carrousel d\u2019images\" dir=\"ltr\">\n\t\t\t<div class=\"elementor-image-carousel swiper-wrapper\" aria-live=\"off\">\n\t\t\t\t\t\t\t\t<div class=\"swiper-slide\" role=\"group\" aria-roledescription=\"slide\" aria-label=\"1 sur 11\"><figure class=\"swiper-slide-inner\"><img decoding=\"async\" class=\"swiper-slide-image\" src=\"https:\/\/i0.wp.com\/btperformance.fr\/wp-content\/uploads\/2022\/06\/telechargement-1.png?fit=225%2C225&amp;ssl=1\" alt=\"t\u00e9l\u00e9chargement\" \/><\/figure><\/div><div class=\"swiper-slide\" role=\"group\" aria-roledescription=\"slide\" aria-label=\"2 sur 11\"><figure class=\"swiper-slide-inner\"><img decoding=\"async\" class=\"swiper-slide-image\" src=\"https:\/\/i0.wp.com\/btperformance.fr\/wp-content\/uploads\/2022\/07\/Tact-logo-vert-avec-slogan-2.png?fit=768%2C215&amp;ssl=1\" alt=\"Tact logo vert avec slogan\" \/><\/figure><\/div><div class=\"swiper-slide\" role=\"group\" aria-roledescription=\"slide\" aria-label=\"3 sur 11\"><figure class=\"swiper-slide-inner\"><img decoding=\"async\" class=\"swiper-slide-image\" src=\"https:\/\/i0.wp.com\/btperformance.fr\/wp-content\/uploads\/2022\/06\/actionRH_logo.webp?fit=591%2C213&amp;ssl=1\" alt=\"actionRH_logo\" \/><\/figure><\/div><div class=\"swiper-slide\" role=\"group\" aria-roledescription=\"slide\" aria-label=\"4 sur 11\"><figure class=\"swiper-slide-inner\"><img decoding=\"async\" class=\"swiper-slide-image\" src=\"https:\/\/i0.wp.com\/btperformance.fr\/wp-content\/uploads\/2022\/06\/logo_AM.png?fit=764%2C440&amp;ssl=1\" alt=\"logo_AM\" \/><\/figure><\/div><div class=\"swiper-slide\" role=\"group\" aria-roledescription=\"slide\" aria-label=\"5 sur 11\"><figure class=\"swiper-slide-inner\"><img decoding=\"async\" class=\"swiper-slide-image\" src=\"https:\/\/i0.wp.com\/btperformance.fr\/wp-content\/uploads\/2022\/06\/CovisionRH.png?fit=679%2C327&amp;ssl=1\" alt=\"CovisionRH\" \/><\/figure><\/div><div class=\"swiper-slide\" role=\"group\" aria-roledescription=\"slide\" aria-label=\"6 sur 11\"><figure class=\"swiper-slide-inner\"><img decoding=\"async\" class=\"swiper-slide-image\" src=\"https:\/\/i0.wp.com\/btperformance.fr\/wp-content\/uploads\/2022\/09\/Mathieu.jpg?fit=431%2C332&amp;ssl=1\" alt=\"Mathieu\" \/><\/figure><\/div><div class=\"swiper-slide\" role=\"group\" aria-roledescription=\"slide\" aria-label=\"7 sur 11\"><figure class=\"swiper-slide-inner\"><img decoding=\"async\" class=\"swiper-slide-image\" src=\"https:\/\/i0.wp.com\/btperformance.fr\/wp-content\/uploads\/2023\/01\/logo-capture-decran-1.jpg?fit=300%2C358&amp;ssl=1\" alt=\"logo capture d&#039;\u00e9cran\" \/><\/figure><\/div><div class=\"swiper-slide\" role=\"group\" aria-roledescription=\"slide\" aria-label=\"8 sur 11\"><figure class=\"swiper-slide-inner\"><img decoding=\"async\" class=\"swiper-slide-image\" src=\"https:\/\/btperformance.fr\/wp-content\/uploads\/2023\/03\/Logo-Saverne-Plaine-et-Plateau-rond-blanc-svg.svg\" alt=\"Logo OEM\" \/><\/figure><\/div><div class=\"swiper-slide\" role=\"group\" aria-roledescription=\"slide\" aria-label=\"9 sur 11\"><figure class=\"swiper-slide-inner\"><img decoding=\"async\" class=\"swiper-slide-image\" src=\"https:\/\/i0.wp.com\/btperformance.fr\/wp-content\/uploads\/2023\/03\/A.Messie-Formation.jpg?fit=565%2C512&amp;ssl=1\" alt=\"A.Messi\u00e9 Formation\" \/><\/figure><\/div><div class=\"swiper-slide\" role=\"group\" aria-roledescription=\"slide\" aria-label=\"10 sur 11\"><figure class=\"swiper-slide-inner\"><img decoding=\"async\" class=\"swiper-slide-image\" src=\"https:\/\/i0.wp.com\/btperformance.fr\/wp-content\/uploads\/2024\/06\/CSFC.png?fit=145%2C109&amp;ssl=1\" alt=\"Chambre syndicale des formateurs et consultants\" \/><\/figure><\/div><div class=\"swiper-slide\" role=\"group\" aria-roledescription=\"slide\" aria-label=\"11 sur 11\"><figure class=\"swiper-slide-inner\"><img decoding=\"async\" class=\"swiper-slide-image\" src=\"https:\/\/i0.wp.com\/btperformance.fr\/wp-content\/uploads\/2024\/11\/LOGO_QualiopiActionFormation.png?fit=203%2C156&amp;ssl=1\" alt=\"LOGO_QualiopiActionFormation\" \/><\/figure><\/div>\t\t\t<\/div>\n\t\t\t\t\t\t\t\t\t\t\t\t<div class=\"elementor-swiper-button elementor-swiper-button-prev\" role=\"button\" tabindex=\"0\">\n\t\t\t\t\t\t<i aria-hidden=\"true\" class=\"eicon-chevron-left\"><\/i>\t\t\t\t\t<\/div>\n\t\t\t\t\t<div class=\"elementor-swiper-button elementor-swiper-button-next\" role=\"button\" tabindex=\"0\">\n\t\t\t\t\t\t<i aria-hidden=\"true\" class=\"eicon-chevron-right\"><\/i>\t\t\t\t\t<\/div>\n\t\t\t\t\n\t\t\t\t\t\t\t\t\t<div class=\"swiper-pagination\"><\/div>\n\t\t\t\t\t\t\t\t\t<\/div>\n\t\t\t\t\t\t<\/div>\n\t\t\t\t<\/div>\n\t\t\t\t\t<\/div>\n\t\t<\/div>\n\t\t\t\t\t<\/div>\n\t\t<\/section>\n\t\t\t\t<\/div>\n\t\t","protected":false},"excerpt":{"rendered":"<p>Partenaires Ils nous font confiance et nous aident \u00e0 rendre vos projets possible !<\/p>\n","protected":false},"author":222709323,"featured_media":0,"parent":0,"menu_order":0,"comment_status":"closed","ping_status":"closed","template":"","meta":{"_crdt_document":"","site-sidebar-layout":"no-sidebar","site-content-layout":"page-builder","ast-site-content-layout":"full-width-container","site-content-style":"default","site-sidebar-style":"default","ast-global-header-display":"","ast-banner-title-visibility":"","ast-main-header-display":"","ast-hfb-above-header-display":"","ast-hfb-below-header-display":"","ast-hfb-mobile-header-display":"","site-post-title":"disabled","ast-breadcrumbs-content":"","ast-featured-img":"disabled","footer-sml-layout":"","theme-transparent-header-meta":"","adv-header-id-meta":"","stick-header-meta":"","header-above-stick-meta":"","header-main-stick-meta":"","header-below-stick-meta":"","astra-migrate-meta-layouts":"default","ast-page-background-enabled":"default","ast-page-background-meta":{"desktop":{"background-color":"","background-image":"","background-repeat":"repeat","background-position":"center center","background-size":"auto","background-attachment":"scroll","background-type":"","background-media":"","overlay-type":"","overlay-color":"","overlay-gradient":""},"tablet":{"background-color":"","background-image":"","background-repeat":"repeat","background-position":"center center","background-size":"auto","background-attachment":"scroll","background-type":"","background-media":"","overlay-type":"","overlay-color":"","overlay-gradient":""},"mobile":{"background-color":"","background-image":"","background-repeat":"repeat","background-position":"center center","background-size":"auto","background-attachment":"scroll","background-type":"","background-media":"","overlay-type":"","overlay-color":"","overlay-gradient":""}},"ast-content-background-meta":{"desktop":{"background-color":"var(--ast-global-color-5)","background-image":"","background-repeat":"repeat","background-position":"center center","background-size":"auto","background-attachment":"scroll","background-type":"","background-media":"","overlay-type":"","overlay-color":"","overlay-gradient":""},"tablet":{"background-color":"var(--ast-global-color-5)","background-image":"","background-repeat":"repeat","background-position":"center center","background-size":"auto","background-attachment":"scroll","background-type":"","background-media":"","overlay-type":"","overlay-color":"","overlay-gradient":""},"mobile":{"background-color":"var(--ast-global-color-5)","background-image":"","background-repeat":"repeat","background-position":"center center","background-size":"auto","background-attachment":"scroll","background-type":"","background-media":"","overlay-type":"","overlay-color":"","overlay-gradient":""}},"footnotes":""},"class_list":["post-4599","page","type-page","status-publish","hentry"],"yoast_head":"<!-- This site is optimized with the Yoast SEO plugin v27.4 - https:\/\/yoast.com\/product\/yoast-seo-wordpress\/ -->\n<title>PARTENAIRES - BT Performance<\/title>\n<meta name=\"robots\" content=\"index, follow, max-snippet:-1, max-image-preview:large, max-video-preview:-1\" \/>\n<link rel=\"canonical\" href=\"https:\/\/btperformance.fr\/?page_id=4599\" \/>\n<meta property=\"og:locale\" content=\"fr_FR\" \/>\n<meta property=\"og:type\" content=\"article\" \/>\n<meta property=\"og:title\" content=\"PARTENAIRES - BT Performance\" \/>\n<meta property=\"og:description\" content=\"Partenaires Ils nous font confiance et nous aident \u00e0 rendre vos projets possible !\" \/>\n<meta property=\"og:url\" content=\"https:\/\/btperformance.fr\/?page_id=4599\" \/>\n<meta property=\"og:site_name\" content=\"BT Performance\" \/>\n<meta property=\"article:publisher\" content=\"https:\/\/www.facebook.com\/herve.keller.5\" \/>\n<meta property=\"article:modified_time\" content=\"2025-02-13T09:30:30+00:00\" \/>\n<meta property=\"og:image\" content=\"https:\/\/btperformance.fr\/wp-content\/uploads\/2022\/06\/telechargement-1.png\" \/>\n<meta name=\"twitter:card\" content=\"summary_large_image\" \/>\n<meta name=\"twitter:label1\" content=\"Dur\u00e9e de lecture estim\u00e9e\" \/>\n\t<meta name=\"twitter:data1\" content=\"4 minutes\" \/>\n<script type=\"application\/ld+json\" class=\"yoast-schema-graph\">{\"@context\":\"https:\\\/\\\/schema.org\",\"@graph\":[{\"@type\":\"WebPage\",\"@id\":\"https:\\\/\\\/btperformance.fr\\\/?page_id=4599\",\"url\":\"https:\\\/\\\/btperformance.fr\\\/?page_id=4599\",\"name\":\"PARTENAIRES - BT Performance\",\"isPartOf\":{\"@id\":\"https:\\\/\\\/btperformance.fr\\\/#website\"},\"primaryImageOfPage\":{\"@id\":\"https:\\\/\\\/btperformance.fr\\\/?page_id=4599#primaryimage\"},\"image\":{\"@id\":\"https:\\\/\\\/btperformance.fr\\\/?page_id=4599#primaryimage\"},\"thumbnailUrl\":\"https:\\\/\\\/btperformance.fr\\\/wp-content\\\/uploads\\\/2022\\\/06\\\/telechargement-1.png\",\"datePublished\":\"2025-02-11T09:53:34+00:00\",\"dateModified\":\"2025-02-13T09:30:30+00:00\",\"breadcrumb\":{\"@id\":\"https:\\\/\\\/btperformance.fr\\\/?page_id=4599#breadcrumb\"},\"inLanguage\":\"fr-FR\",\"potentialAction\":[{\"@type\":\"ReadAction\",\"target\":[\"https:\\\/\\\/btperformance.fr\\\/?page_id=4599\"]}]},{\"@type\":\"ImageObject\",\"inLanguage\":\"fr-FR\",\"@id\":\"https:\\\/\\\/btperformance.fr\\\/?page_id=4599#primaryimage\",\"url\":\"https:\\\/\\\/i0.wp.com\\\/btperformance.fr\\\/wp-content\\\/uploads\\\/2022\\\/06\\\/telechargement-1.png?fit=225%2C225&ssl=1\",\"contentUrl\":\"https:\\\/\\\/i0.wp.com\\\/btperformance.fr\\\/wp-content\\\/uploads\\\/2022\\\/06\\\/telechargement-1.png?fit=225%2C225&ssl=1\",\"width\":225,\"height\":225},{\"@type\":\"BreadcrumbList\",\"@id\":\"https:\\\/\\\/btperformance.fr\\\/?page_id=4599#breadcrumb\",\"itemListElement\":[{\"@type\":\"ListItem\",\"position\":1,\"name\":\"Accueil\",\"item\":\"https:\\\/\\\/btperformance.fr\\\/\"},{\"@type\":\"ListItem\",\"position\":2,\"name\":\"PARTENAIRES\"}]},{\"@type\":\"WebSite\",\"@id\":\"https:\\\/\\\/btperformance.fr\\\/#website\",\"url\":\"https:\\\/\\\/btperformance.fr\\\/\",\"name\":\"BT Performance\",\"description\":\"Services aux entreprises \u00e0 Thal Marmoutier\",\"publisher\":{\"@id\":\"https:\\\/\\\/btperformance.fr\\\/#organization\"},\"potentialAction\":[{\"@type\":\"SearchAction\",\"target\":{\"@type\":\"EntryPoint\",\"urlTemplate\":\"https:\\\/\\\/btperformance.fr\\\/?s={search_term_string}\"},\"query-input\":{\"@type\":\"PropertyValueSpecification\",\"valueRequired\":true,\"valueName\":\"search_term_string\"}}],\"inLanguage\":\"fr-FR\"},{\"@type\":\"Organization\",\"@id\":\"https:\\\/\\\/btperformance.fr\\\/#organization\",\"name\":\"BT performance\",\"url\":\"https:\\\/\\\/btperformance.fr\\\/\",\"logo\":{\"@type\":\"ImageObject\",\"inLanguage\":\"fr-FR\",\"@id\":\"https:\\\/\\\/btperformance.fr\\\/#\\\/schema\\\/logo\\\/image\\\/\",\"url\":\"https:\\\/\\\/i0.wp.com\\\/btperformance.fr\\\/wp-content\\\/uploads\\\/2022\\\/06\\\/cropped-performance_logo.webp?fit=1537%2C1537&ssl=1\",\"contentUrl\":\"https:\\\/\\\/i0.wp.com\\\/btperformance.fr\\\/wp-content\\\/uploads\\\/2022\\\/06\\\/cropped-performance_logo.webp?fit=1537%2C1537&ssl=1\",\"width\":1537,\"height\":1537,\"caption\":\"BT performance\"},\"image\":{\"@id\":\"https:\\\/\\\/btperformance.fr\\\/#\\\/schema\\\/logo\\\/image\\\/\"},\"sameAs\":[\"https:\\\/\\\/www.facebook.com\\\/herve.keller.5\",\"https:\\\/\\\/www.linkedin.com\\\/in\\\/herv-keller-bt-performance-36803a63\\\/\"]}]}<\/script>\n<!-- \/ Yoast SEO plugin. -->","yoast_head_json":{"title":"PARTENAIRES - BT Performance","robots":{"index":"index","follow":"follow","max-snippet":"max-snippet:-1","max-image-preview":"max-image-preview:large","max-video-preview":"max-video-preview:-1"},"canonical":"https:\/\/btperformance.fr\/?page_id=4599","og_locale":"fr_FR","og_type":"article","og_title":"PARTENAIRES - BT Performance","og_description":"Partenaires Ils nous font confiance et nous aident \u00e0 rendre vos projets possible !","og_url":"https:\/\/btperformance.fr\/?page_id=4599","og_site_name":"BT Performance","article_publisher":"https:\/\/www.facebook.com\/herve.keller.5","article_modified_time":"2025-02-13T09:30:30+00:00","og_image":[{"url":"https:\/\/btperformance.fr\/wp-content\/uploads\/2022\/06\/telechargement-1.png","type":"","width":"","height":""}],"twitter_card":"summary_large_image","twitter_misc":{"Dur\u00e9e de lecture estim\u00e9e":"4 minutes"},"schema":{"@context":"https:\/\/schema.org","@graph":[{"@type":"WebPage","@id":"https:\/\/btperformance.fr\/?page_id=4599","url":"https:\/\/btperformance.fr\/?page_id=4599","name":"PARTENAIRES - BT Performance","isPartOf":{"@id":"https:\/\/btperformance.fr\/#website"},"primaryImageOfPage":{"@id":"https:\/\/btperformance.fr\/?page_id=4599#primaryimage"},"image":{"@id":"https:\/\/btperformance.fr\/?page_id=4599#primaryimage"},"thumbnailUrl":"https:\/\/btperformance.fr\/wp-content\/uploads\/2022\/06\/telechargement-1.png","datePublished":"2025-02-11T09:53:34+00:00","dateModified":"2025-02-13T09:30:30+00:00","breadcrumb":{"@id":"https:\/\/btperformance.fr\/?page_id=4599#breadcrumb"},"inLanguage":"fr-FR","potentialAction":[{"@type":"ReadAction","target":["https:\/\/btperformance.fr\/?page_id=4599"]}]},{"@type":"ImageObject","inLanguage":"fr-FR","@id":"https:\/\/btperformance.fr\/?page_id=4599#primaryimage","url":"https:\/\/i0.wp.com\/btperformance.fr\/wp-content\/uploads\/2022\/06\/telechargement-1.png?fit=225%2C225&ssl=1","contentUrl":"https:\/\/i0.wp.com\/btperformance.fr\/wp-content\/uploads\/2022\/06\/telechargement-1.png?fit=225%2C225&ssl=1","width":225,"height":225},{"@type":"BreadcrumbList","@id":"https:\/\/btperformance.fr\/?page_id=4599#breadcrumb","itemListElement":[{"@type":"ListItem","position":1,"name":"Accueil","item":"https:\/\/btperformance.fr\/"},{"@type":"ListItem","position":2,"name":"PARTENAIRES"}]},{"@type":"WebSite","@id":"https:\/\/btperformance.fr\/#website","url":"https:\/\/btperformance.fr\/","name":"BT Performance","description":"Services aux entreprises \u00e0 Thal Marmoutier","publisher":{"@id":"https:\/\/btperformance.fr\/#organization"},"potentialAction":[{"@type":"SearchAction","target":{"@type":"EntryPoint","urlTemplate":"https:\/\/btperformance.fr\/?s={search_term_string}"},"query-input":{"@type":"PropertyValueSpecification","valueRequired":true,"valueName":"search_term_string"}}],"inLanguage":"fr-FR"},{"@type":"Organization","@id":"https:\/\/btperformance.fr\/#organization","name":"BT performance","url":"https:\/\/btperformance.fr\/","logo":{"@type":"ImageObject","inLanguage":"fr-FR","@id":"https:\/\/btperformance.fr\/#\/schema\/logo\/image\/","url":"https:\/\/i0.wp.com\/btperformance.fr\/wp-content\/uploads\/2022\/06\/cropped-performance_logo.webp?fit=1537%2C1537&ssl=1","contentUrl":"https:\/\/i0.wp.com\/btperformance.fr\/wp-content\/uploads\/2022\/06\/cropped-performance_logo.webp?fit=1537%2C1537&ssl=1","width":1537,"height":1537,"caption":"BT performance"},"image":{"@id":"https:\/\/btperformance.fr\/#\/schema\/logo\/image\/"},"sameAs":["https:\/\/www.facebook.com\/herve.keller.5","https:\/\/www.linkedin.com\/in\/herv-keller-bt-performance-36803a63\/"]}]}},"jetpack_likes_enabled":false,"jetpack_sharing_enabled":true,"jetpack_shortlink":"https:\/\/wp.me\/Pe40eM-1cb","jetpack-related-posts":[{"id":4593,"url":"https:\/\/btperformance.fr\/?page_id=4593","url_meta":{"origin":4599,"position":0},"title":"ACTUALITES","author":"hervkeller","date":"11 f\u00e9vrier 2025","format":false,"excerpt":"Actualit\u00e9 Suivez toutes les derni\u00e8res nouveaut\u00e9s et \u00e9v\u00e8nements All PostsFormationFormationEBTCE 02 \u2013 Notre seconde promotion de chef d\u2019\u00e9quipe !Nous avons d\u00e9marr\u00e9 notre seconde promotion \u00e0 destination des chefs d\u2019\u00e9quipe : EBTCE02. \ud835\udc02\u2019\ud835\udc1e\ud835\udc2c\ud835\udc2d \ud835\udc25\u2019\ud835\udc28\ud835\udc1c\ud835\udc1c\ud835\udc1a\ud835\udc2c\ud835\udc22\ud835\udc28\ud835\udc27 \ud835\udc1d\ud835\udc1e \ud835\udc2b\ud835\udc1e\ud835\udc26\ud835\udc1e\ud835\udc2b\ud835\udc1c\ud835\udc22\ud835\udc1e\ud835\udc2b \ud835\udc25\ud835\udc1e\ud835\udc2c \ud835\udc1d\ud835\udc22\ud835\udc2b\ud835\udc22\ud835\udc20\ud835\udc1e\ud835\udc1a\ud835\udc27\ud835\udc2d\ud835\udc2c \ud835\udc1d\ud835\udc1e\ud835\udc2c\u2026Read MoreFormationConduire les entretiens professionnels et individuelsNouvelle offre de formation pour BT Performance:\u2026","rel":"","context":"Article similaire","block_context":{"text":"Article similaire","link":""},"img":{"alt_text":"","src":"","width":0,"height":0},"classes":[]},{"id":4582,"url":"https:\/\/btperformance.fr\/?page_id=4582","url_meta":{"origin":4599,"position":1},"title":"NOTRE EQUIPE","author":"hervkeller","date":"10 f\u00e9vrier 2025","format":false,"excerpt":"Notre \u00e9quipe : Nathalie KellerFormatrice et consultante 4Colors De formation de base acad\u00e9mique et universitaireFemme d\u2019engagement, j\u2019ai toujours souhait\u00e9 prendre ma place dans la soci\u00e9t\u00e9 et agir aupr\u00e8s de mes semblables. L\u2019\u00e9mergence d\u2019un\u00a0nouveau d\u00e9sir professionnel m\u2019a conduite \u00e0 me former au cours du \u00ab DU de neurosciences et apprentissage tout\u2026","rel":"","context":"Article similaire","block_context":{"text":"Article similaire","link":""},"img":{"alt_text":"","src":"https:\/\/i0.wp.com\/btperformance.fr\/wp-content\/uploads\/2025\/07\/DSC_1153-225x300.jpg?resize=350%2C200&ssl=1","width":350,"height":200},"classes":[]},{"id":4548,"url":"https:\/\/btperformance.fr\/?page_id=4548","url_meta":{"origin":4599,"position":2},"title":"Notre offre de formation","author":"hervkeller","date":"10 f\u00e9vrier 2025","format":false,"excerpt":"ORGANISME DE FORMATION BT Performance est un organisme certifi\u00e9 au titre de l'action de formation. Inscrit sous le Num\u00e9ro de D\u00e9claration d\u2019Activit\u00e9 :N\u00b0 4467 07254 67 aupr\u00e8s du Pr\u00e9fet de la R\u00e9gion du Grand Est En vous adressant \u00e0 un organisme qualifi\u00e9 vous vous assurez de la cr\u00e9dibilit\u00e9 du centre\u2026","rel":"","context":"Article similaire","block_context":{"text":"Article similaire","link":""},"img":{"alt_text":"","src":"https:\/\/i0.wp.com\/btperformance.fr\/wp-content\/uploads\/2024\/11\/LOGO_QualiopiActionFormation.png?resize=350%2C200&ssl=1","width":350,"height":200},"classes":[]},{"id":340,"url":"https:\/\/btperformance.fr\/","url_meta":{"origin":4599,"position":3},"title":"Accueil","author":"hervkeller","date":"21 mars 2019","format":false,"excerpt":"ensemble, prenons soin de votre performance\"Une cha\u00eene n'est aussi solide que son maillon le plus faible\"Thomas REID BT Performance : qui somme nous ? Une d\u00e9marche personnalis\u00e9e en phase avec vos attentes Strat\u00e9gie \/ Commerce \/ RH Notre Vocation : P\u00e9renniser, d\u00e9velopper, redynamiser votre structure sur votre territoire sont les\u2026","rel":"","context":"Article similaire","block_context":{"text":"Article similaire","link":""},"img":{"alt_text":"Logo BT Performance","src":"https:\/\/i0.wp.com\/btperformance.fr\/wp-content\/uploads\/2022\/06\/cropped-performance_logo.webp?fit=1200%2C1200&ssl=1&resize=350%2C200","width":350,"height":200,"srcset":"https:\/\/i0.wp.com\/btperformance.fr\/wp-content\/uploads\/2022\/06\/cropped-performance_logo.webp?fit=1200%2C1200&ssl=1&resize=350%2C200 1x, https:\/\/i0.wp.com\/btperformance.fr\/wp-content\/uploads\/2022\/06\/cropped-performance_logo.webp?fit=1200%2C1200&ssl=1&resize=525%2C300 1.5x, https:\/\/i0.wp.com\/btperformance.fr\/wp-content\/uploads\/2022\/06\/cropped-performance_logo.webp?fit=1200%2C1200&ssl=1&resize=700%2C400 2x, https:\/\/i0.wp.com\/btperformance.fr\/wp-content\/uploads\/2022\/06\/cropped-performance_logo.webp?fit=1200%2C1200&ssl=1&resize=1050%2C600 3x"},"classes":[]}],"_links":{"self":[{"href":"https:\/\/btperformance.fr\/index.php?rest_route=\/wp\/v2\/pages\/4599","targetHints":{"allow":["GET"]}}],"collection":[{"href":"https:\/\/btperformance.fr\/index.php?rest_route=\/wp\/v2\/pages"}],"about":[{"href":"https:\/\/btperformance.fr\/index.php?rest_route=\/wp\/v2\/types\/page"}],"author":[{"embeddable":true,"href":"https:\/\/btperformance.fr\/index.php?rest_route=\/wp\/v2\/users\/222709323"}],"replies":[{"embeddable":true,"href":"https:\/\/btperformance.fr\/index.php?rest_route=%2Fwp%2Fv2%2Fcomments&post=4599"}],"version-history":[{"count":17,"href":"https:\/\/btperformance.fr\/index.php?rest_route=\/wp\/v2\/pages\/4599\/revisions"}],"predecessor-version":[{"id":4837,"href":"https:\/\/btperformance.fr\/index.php?rest_route=\/wp\/v2\/pages\/4599\/revisions\/4837"}],"wp:attachment":[{"href":"https:\/\/btperformance.fr\/index.php?rest_route=%2Fwp%2Fv2%2Fmedia&parent=4599"}],"curies":[{"name":"wp","href":"https:\/\/api.w.org\/{rel}","templated":true}]}}